{"id":838,"date":"2026-02-11T18:47:44","date_gmt":"2026-02-11T18:47:44","guid":{"rendered":"https:\/\/africasanchezlaw.com\/?page_id=838"},"modified":"2026-02-11T22:54:47","modified_gmt":"2026-02-11T22:54:47","slug":"confidentiality-disclaimer","status":"publish","type":"page","link":"https:\/\/africasanchezlaw.com\/es\/confidentiality-disclaimer\/","title":{"rendered":"Aviso de Confidencialidad"},"content":{"rendered":"<div data-elementor-type=\"wp-page\" data-elementor-id=\"838\" class=\"elementor elementor-838\" data-elementor-post-type=\"page\">\n\t\t\t\t<div class=\"elementor-element elementor-element-ba4205c e-flex e-con-boxed e-con e-parent\" data-id=\"ba4205c\" data-element_type=\"container\" data-e-type=\"container\">\n\t\t\t\t\t<div class=\"e-con-inner\">\n\t\t\t\t<div class=\"elementor-element elementor-element-fe0548f elementor-widget elementor-widget-text-editor\" data-id=\"fe0548f\" data-element_type=\"widget\" data-e-type=\"widget\" data-widget_type=\"text-editor.default\">\n\t\t\t\t\t\t\t\t\t<h1>Aviso de Confidencialidad<\/h1>\n\n<p>Africa Sanchez Law (\u201cel Despacho\u201d, \u201cnosotros\u201d o \u201cnuestro\u201d) respeta su privacidad y se compromete a proteger la informaci\u00f3n personal que usted comparte con nosotros a trav\u00e9s de este sitio web, de conformidad con esta pol\u00edtica.<\/p>\n\n<h2>Su Aceptaci\u00f3n de esta Pol\u00edtica<\/h2>\n<p>Al utilizar este sitio web, usted consiente nuestra pol\u00edtica de privacidad.<\/p>\n\n<h2>Informaci\u00f3n que Recopilamos<\/h2>\n<p>Cuando visita nuestro sitio web, se comunica con nosotros a trav\u00e9s de un formulario o se comunica electr\u00f3nicamente con nuestra oficina, podemos recopilar informaci\u00f3n personal como su nombre, direcci\u00f3n de correo electr\u00f3nico, n\u00famero de tel\u00e9fono y cualquier detalle que usted decida proporcionar. Esta informaci\u00f3n se recopila \u00fanicamente con el prop\u00f3sito de responder a consultas, prestar servicios legales y mejorar la experiencia en nuestro sitio web.<\/p>\n\n<p>Cuando visita nuestro sitio web, tambi\u00e9n podemos recopilar autom\u00e1ticamente cierta informaci\u00f3n, que incluye: direcci\u00f3n IP, tipo y versi\u00f3n del navegador, tipo de dispositivo, sistema operativo, p\u00e1ginas visitadas y tiempo de permanencia en el sitio web, y URL de referencia. Esta informaci\u00f3n se recopila mediante cookies, archivos de registro y tecnolog\u00edas similares.<\/p>\n\n<h2>Privacidad: C\u00f3mo Usamos su Informaci\u00f3n<\/h2>\n<p>Podemos utilizar la informaci\u00f3n que recopilamos para fines que incluyen: responder a consultas y solicitudes de consulta, comunicarnos con usted sobre nuestros servicios legales, mejorar nuestro sitio web y la experiencia del usuario, mantener la seguridad y funcionalidad del sitio web, y cumplir con obligaciones legales y \u00e9ticas.<\/p>\n\n<h2>Confidencialidad y Relaci\u00f3n Abogado-Cliente<\/h2>\n<p>Si bien tomamos medidas razonables para proteger su informaci\u00f3n personal, las comunicaciones enviadas a trav\u00e9s de este sitio web o por correo electr\u00f3nico pueden no ser completamente seguras. Por favor, no env\u00ede informaci\u00f3n sensible, confidencial o urgente a trav\u00e9s de este sitio web a menos que uno de nuestros abogados se lo indique.<\/p>\n\n<p>Cualquier informaci\u00f3n que usted proporcione ser\u00e1 utilizada \u00fanicamente por Africa Sanchez Law y no ser\u00e1 vendida, alquilada ni compartida con terceros, salvo que lo exija la ley o sea necesario para la prestaci\u00f3n de servicios legales.<\/p>\n\n<p>El env\u00edo de informaci\u00f3n a trav\u00e9s de este sitio web no crea una relaci\u00f3n abogado-cliente. Dicha relaci\u00f3n no se establece hasta que exista un acuerdo de honorarios por escrito firmado tanto por usted como por el Despacho.<\/p>\n\n<h2>Cookies y Anal\u00edtica<\/h2>\n<p>Este sitio web puede utilizar cookies u otras tecnolog\u00edas similares para mejorar la experiencia del usuario y analizar el tr\u00e1fico del sitio web. Estas herramientas no recopilan informaci\u00f3n de identificaci\u00f3n personal a menos que usted la proporcione voluntariamente.<\/p>\n\n<h2>Informaci\u00f3n sobre SMS<\/h2>\n<p>Respetamos su privacidad con respecto a las comunicaciones por SMS y n\u00fameros telef\u00f3nicos. Le aseguramos que el consentimiento para SMS y los n\u00fameros de tel\u00e9fono recopilados para cualquier prop\u00f3sito son utilizados exclusivamente por Africa Sanchez Law y no se comparten con terceros.<\/p>\n\n<h2>Enlaces Externos<\/h2>\n<p>Nuestro sitio web puede contener enlaces a sitios web de terceros. Africa Sanchez Law no es responsable de las pr\u00e1cticas de privacidad ni del contenido de dichos sitios externos.<\/p>\n\n<h2>Privacidad de los Menores<\/h2>\n<p>No recopilamos ni almacenamos conscientemente informaci\u00f3n personal de menores. Si llegamos a saber que hemos recopilado informaci\u00f3n de identificaci\u00f3n personal de un menor de 16 a\u00f1os, eliminaremos dicha informaci\u00f3n de nuestra base de datos lo antes posible.<\/p>\n\n<h2>Actualizaciones de este Aviso<\/h2>\n<p>Africa Sanchez Law puede actualizar este Aviso de Confidencialidad peri\u00f3dicamente. Cualquier cambio se publicar\u00e1 en esta p\u00e1gina con una fecha de vigencia actualizada.<\/p>\n\n<h2>Cont\u00e1ctenos<\/h2>\n<p>Si tiene preguntas sobre este Aviso de Confidencialidad o sobre c\u00f3mo se maneja su informaci\u00f3n, por favor comun\u00edquese directamente con nuestra oficina:<\/p>\n\n<p>\n<strong>Africa Sanchez Law<\/strong><br>\nAttn: Privacidad<br>\n6180 W. Charleston Blvd.<br>\nLas Vegas, NV 89146\n<\/p>\t\t\t\t\t\t\t\t<\/div>\n\t\t\t\t\t<\/div>\n\t\t\t\t<\/div>\n\t\t\t\t<\/div>","protected":false},"excerpt":{"rendered":"<p>Confidentiality Disclaimer Africa Sanchez Law (\u201cFirm\u201d, \u201cwe\u201d, \u201cus\u201d, or \u201cour\u201d) respects your privacy and is committed to protecting the personal information you share with us through this website by complying with this policy. Your Agreement to this Policy By using this website, you consent to our privacy policy. Information We Collect When you visit our [&hellip;]<\/p>\n","protected":false},"author":1,"featured_media":0,"parent":0,"menu_order":0,"comment_status":"closed","ping_status":"closed","template":"","meta":{"footnotes":""},"class_list":["post-838","page","type-page","status-publish","hentry"],"yoast_head":"<!-- This site is optimized with the Yoast SEO plugin v27.5 - https:\/\/yoast.com\/product\/yoast-seo-wordpress\/ -->\n<title>Confidentiality Disclaimer - Africa Sanchez Law<\/title>\n<meta name=\"robots\" content=\"index, follow, max-snippet:-1, max-image-preview:large, max-video-preview:-1\" \/>\n<link rel=\"canonical\" href=\"https:\/\/africasanchezlaw.com\/es\/confidentiality-disclaimer\/\" \/>\n<meta property=\"og:locale\" content=\"es_MX\" \/>\n<meta property=\"og:type\" content=\"article\" \/>\n<meta property=\"og:title\" content=\"Confidentiality Disclaimer - Africa Sanchez Law\" \/>\n<meta property=\"og:description\" content=\"Confidentiality Disclaimer Africa Sanchez Law (\u201cFirm\u201d, \u201cwe\u201d, \u201cus\u201d, or \u201cour\u201d) respects your privacy and is committed to protecting the personal information you share with us through this website by complying with this policy. Your Agreement to this Policy By using this website, you consent to our privacy policy. Information We Collect When you visit our [&hellip;]\" \/>\n<meta property=\"og:url\" content=\"https:\/\/africasanchezlaw.com\/es\/confidentiality-disclaimer\/\" \/>\n<meta property=\"og:site_name\" content=\"Africa Sanchez Law\" \/>\n<meta property=\"article:publisher\" content=\"https:\/\/www.facebook.com\/africasanchezlaw\/\" \/>\n<meta property=\"article:modified_time\" content=\"2026-02-11T22:54:47+00:00\" \/>\n<meta property=\"og:image\" content=\"https:\/\/africasanchezlaw.com\/wp-content\/uploads\/2026\/05\/logoafrica.jpg\" \/>\n\t<meta property=\"og:image:width\" content=\"1200\" \/>\n\t<meta property=\"og:image:height\" content=\"630\" \/>\n\t<meta property=\"og:image:type\" content=\"image\/jpeg\" \/>\n<meta name=\"twitter:card\" content=\"summary_large_image\" \/>\n<meta name=\"twitter:label1\" content=\"Tiempo de lectura\" \/>\n\t<meta name=\"twitter:data1\" content=\"3 minutos\" \/>\n<script type=\"application\/ld+json\" class=\"yoast-schema-graph\">{\"@context\":\"https:\\\/\\\/schema.org\",\"@graph\":[{\"@type\":\"WebPage\",\"@id\":\"https:\\\/\\\/africasanchezlaw.com\\\/confidentiality-disclaimer\\\/\",\"url\":\"https:\\\/\\\/africasanchezlaw.com\\\/confidentiality-disclaimer\\\/\",\"name\":\"Confidentiality Disclaimer - Africa Sanchez Law\",\"isPartOf\":{\"@id\":\"https:\\\/\\\/africasanchezlaw.com\\\/#website\"},\"datePublished\":\"2026-02-11T18:47:44+00:00\",\"dateModified\":\"2026-02-11T22:54:47+00:00\",\"breadcrumb\":{\"@id\":\"https:\\\/\\\/africasanchezlaw.com\\\/confidentiality-disclaimer\\\/#breadcrumb\"},\"inLanguage\":\"es\",\"potentialAction\":[{\"@type\":\"ReadAction\",\"target\":[\"https:\\\/\\\/africasanchezlaw.com\\\/confidentiality-disclaimer\\\/\"]}]},{\"@type\":\"BreadcrumbList\",\"@id\":\"https:\\\/\\\/africasanchezlaw.com\\\/confidentiality-disclaimer\\\/#breadcrumb\",\"itemListElement\":[{\"@type\":\"ListItem\",\"position\":1,\"name\":\"Home\",\"item\":\"https:\\\/\\\/africasanchezlaw.com\\\/\"},{\"@type\":\"ListItem\",\"position\":2,\"name\":\"Confidentiality Disclaimer\"}]},{\"@type\":\"WebSite\",\"@id\":\"https:\\\/\\\/africasanchezlaw.com\\\/#website\",\"url\":\"https:\\\/\\\/africasanchezlaw.com\\\/\",\"name\":\"Africa Sanchez Law\",\"description\":\"Committed to Helping Our Clients Succeed\",\"publisher\":{\"@id\":\"https:\\\/\\\/africasanchezlaw.com\\\/#organization\"},\"potentialAction\":[{\"@type\":\"SearchAction\",\"target\":{\"@type\":\"EntryPoint\",\"urlTemplate\":\"https:\\\/\\\/africasanchezlaw.com\\\/?s={search_term_string}\"},\"query-input\":{\"@type\":\"PropertyValueSpecification\",\"valueRequired\":true,\"valueName\":\"search_term_string\"}}],\"inLanguage\":\"es\"},{\"@type\":\"Organization\",\"@id\":\"https:\\\/\\\/africasanchezlaw.com\\\/#organization\",\"name\":\"Africa Sanchez Law\",\"url\":\"https:\\\/\\\/africasanchezlaw.com\\\/\",\"logo\":{\"@type\":\"ImageObject\",\"inLanguage\":\"es\",\"@id\":\"https:\\\/\\\/africasanchezlaw.com\\\/#\\\/schema\\\/logo\\\/image\\\/\",\"url\":\"https:\\\/\\\/africasanchezlaw.com\\\/wp-content\\\/uploads\\\/2026\\\/05\\\/logoafrica.jpg\",\"contentUrl\":\"https:\\\/\\\/africasanchezlaw.com\\\/wp-content\\\/uploads\\\/2026\\\/05\\\/logoafrica.jpg\",\"width\":1200,\"height\":630,\"caption\":\"Africa Sanchez Law\"},\"image\":{\"@id\":\"https:\\\/\\\/africasanchezlaw.com\\\/#\\\/schema\\\/logo\\\/image\\\/\"},\"sameAs\":[\"https:\\\/\\\/www.facebook.com\\\/africasanchezlaw\\\/\"]}]}<\/script>\n<!-- \/ Yoast SEO plugin. -->","yoast_head_json":{"title":"Confidentiality Disclaimer - Africa Sanchez Law","robots":{"index":"index","follow":"follow","max-snippet":"max-snippet:-1","max-image-preview":"max-image-preview:large","max-video-preview":"max-video-preview:-1"},"canonical":"https:\/\/africasanchezlaw.com\/es\/confidentiality-disclaimer\/","og_locale":"es_MX","og_type":"article","og_title":"Confidentiality Disclaimer - Africa Sanchez Law","og_description":"Confidentiality Disclaimer Africa Sanchez Law (\u201cFirm\u201d, \u201cwe\u201d, \u201cus\u201d, or \u201cour\u201d) respects your privacy and is committed to protecting the personal information you share with us through this website by complying with this policy. Your Agreement to this Policy By using this website, you consent to our privacy policy. Information We Collect When you visit our [&hellip;]","og_url":"https:\/\/africasanchezlaw.com\/es\/confidentiality-disclaimer\/","og_site_name":"Africa Sanchez Law","article_publisher":"https:\/\/www.facebook.com\/africasanchezlaw\/","article_modified_time":"2026-02-11T22:54:47+00:00","og_image":[{"width":1200,"height":630,"url":"https:\/\/africasanchezlaw.com\/wp-content\/uploads\/2026\/05\/logoafrica.jpg","type":"image\/jpeg"}],"twitter_card":"summary_large_image","twitter_misc":{"Tiempo de lectura":"3 minutos"},"schema":{"@context":"https:\/\/schema.org","@graph":[{"@type":"WebPage","@id":"https:\/\/africasanchezlaw.com\/confidentiality-disclaimer\/","url":"https:\/\/africasanchezlaw.com\/confidentiality-disclaimer\/","name":"Confidentiality Disclaimer - Africa Sanchez Law","isPartOf":{"@id":"https:\/\/africasanchezlaw.com\/#website"},"datePublished":"2026-02-11T18:47:44+00:00","dateModified":"2026-02-11T22:54:47+00:00","breadcrumb":{"@id":"https:\/\/africasanchezlaw.com\/confidentiality-disclaimer\/#breadcrumb"},"inLanguage":"es","potentialAction":[{"@type":"ReadAction","target":["https:\/\/africasanchezlaw.com\/confidentiality-disclaimer\/"]}]},{"@type":"BreadcrumbList","@id":"https:\/\/africasanchezlaw.com\/confidentiality-disclaimer\/#breadcrumb","itemListElement":[{"@type":"ListItem","position":1,"name":"Home","item":"https:\/\/africasanchezlaw.com\/"},{"@type":"ListItem","position":2,"name":"Confidentiality Disclaimer"}]},{"@type":"WebSite","@id":"https:\/\/africasanchezlaw.com\/#website","url":"https:\/\/africasanchezlaw.com\/","name":"Africa Sanchez Law","description":"Committed to Helping Our Clients Succeed","publisher":{"@id":"https:\/\/africasanchezlaw.com\/#organization"},"potentialAction":[{"@type":"SearchAction","target":{"@type":"EntryPoint","urlTemplate":"https:\/\/africasanchezlaw.com\/?s={search_term_string}"},"query-input":{"@type":"PropertyValueSpecification","valueRequired":true,"valueName":"search_term_string"}}],"inLanguage":"es"},{"@type":"Organization","@id":"https:\/\/africasanchezlaw.com\/#organization","name":"Africa Sanchez Law","url":"https:\/\/africasanchezlaw.com\/","logo":{"@type":"ImageObject","inLanguage":"es","@id":"https:\/\/africasanchezlaw.com\/#\/schema\/logo\/image\/","url":"https:\/\/africasanchezlaw.com\/wp-content\/uploads\/2026\/05\/logoafrica.jpg","contentUrl":"https:\/\/africasanchezlaw.com\/wp-content\/uploads\/2026\/05\/logoafrica.jpg","width":1200,"height":630,"caption":"Africa Sanchez Law"},"image":{"@id":"https:\/\/africasanchezlaw.com\/#\/schema\/logo\/image\/"},"sameAs":["https:\/\/www.facebook.com\/africasanchezlaw\/"]}]}},"_links":{"self":[{"href":"https:\/\/africasanchezlaw.com\/es\/wp-json\/wp\/v2\/pages\/838","targetHints":{"allow":["GET"]}}],"collection":[{"href":"https:\/\/africasanchezlaw.com\/es\/wp-json\/wp\/v2\/pages"}],"about":[{"href":"https:\/\/africasanchezlaw.com\/es\/wp-json\/wp\/v2\/types\/page"}],"author":[{"embeddable":true,"href":"https:\/\/africasanchezlaw.com\/es\/wp-json\/wp\/v2\/users\/1"}],"replies":[{"embeddable":true,"href":"https:\/\/africasanchezlaw.com\/es\/wp-json\/wp\/v2\/comments?post=838"}],"version-history":[{"count":13,"href":"https:\/\/africasanchezlaw.com\/es\/wp-json\/wp\/v2\/pages\/838\/revisions"}],"predecessor-version":[{"id":869,"href":"https:\/\/africasanchezlaw.com\/es\/wp-json\/wp\/v2\/pages\/838\/revisions\/869"}],"wp:attachment":[{"href":"https:\/\/africasanchezlaw.com\/es\/wp-json\/wp\/v2\/media?parent=838"}],"curies":[{"name":"wp","href":"https:\/\/api.w.org\/{rel}","templated":true}]}}